{"id":100,"date":"2015-06-17T12:39:55","date_gmt":"2015-06-17T12:39:55","guid":{"rendered":"http:\/\/www.lilianbomeny.com.br\/?page_id=100"},"modified":"2015-06-17T14:52:08","modified_gmt":"2015-06-17T14:52:08","slug":"interview-w-ricardo-fernandes","status":"publish","type":"page","link":"https:\/\/www.lilianbomeny.com.br\/pb\/interview-w-ricardo-fernandes\/","title":{"rendered":"Entrevista com Lilian Bomeny"},"content":{"rendered":"<p><\/p>\n<ol>\n<li>\n<h4>Em uma breve apresenta\u00e7\u00e3o, fale me a respeito de sua carreira e o que levou voc\u00ea \u00e0 decis\u00e3o de trabalhar como artista pl\u00e1stica?<\/h4>\n<\/li>\n<\/ol>\n<p>Desde menina eu gostava de desenhar, pintar porcelanas e fui sempre interessada em fazer coisas art\u00edsticas. Com o passar do tempo me interessei tamb\u00e9m pela literatura e entreguei me completamente aos estudos liter\u00e1rios, evidentemente um caminho s\u00f3lido para as artes pl\u00e1sticas. Sempre tive uma inclina\u00e7\u00e3o para a arte, at\u00e9 que finalmente resolvi fazer alguns cursos e descobri minha verdadeira paix\u00e3o, quando decidida a fazer meus primeiros cursos de pintura em seda, senti me fascinada pelo toque do material e da rela\u00e7\u00e3o entre cores, tintas e possibilidades m\u00faltiplas, setindo me realizada com o resultado do pincel no tecido.<\/p>\n<ol start=\"2\">\n<li>\n<h4>Observando o trabalho desenvolvido em sua trajet\u00f3ria e fazendo um paralelo entre o seu trabalho e de artistas brasileiras como Tarsila do Amaral, como voc\u00ea percebe uma linguagem comum na cria\u00e7\u00e3o art\u00edstica feminina, no Brasil?<\/h4>\n<\/li>\n<\/ol>\n<p>Tenho em minha obra a mesma luz, a mesma pureza, as mesmas cores que Tarsila e outras artistas brasileiras que se mantiveram na brasilidade e atrav\u00e9s da express\u00e3o art\u00edstica, criaram a identidade da arte brasileira.<\/p>\n<p>Eu acho que as formas s\u00e3o suaves, o trabalho tem um lado acolhedor e caracter\u00edsticas locais.<\/p>\n<p>A arte brasileira tem forte rela\u00e7\u00e3o com a luz, caracterizada de formas diferentes no nosso trabalho no Brasil. A cria\u00e7\u00e3o art\u00edstica brasileira, se alimenta de outras \u00e1reas e se inspira desde a poesia de Machado de Assis, at\u00e9 a arquitetura de Oscar Niemeyer, para culminar em trabalhos contempor\u00e2neos como o de Maria Bonomi.<\/p>\n<p>H\u00e1 o feminino em toda cria\u00e7\u00e3o.<\/p>\n<ol start=\"3\">\n<li>\n<h4>O que voc\u00ea considera uma evolu\u00e7\u00e3o nesses seus 25 anos de carreira art\u00edstica?<\/h4>\n<\/li>\n<\/ol>\n<p>Sinto que estou cada vez mais artista, tomo a cada momento consci\u00eancia do meu papel, encaro medos, pesquiso, entrego me mais \u00e0 minha express\u00e3o e deixo que minha arte flua, testando diversas m\u00eddias e materiais, que estar\u00e3o cooperando para que o meu processo de cria\u00e7\u00e3o aconte\u00e7a de forma mais n\u00edtida para mim.<\/p>\n<ol start=\"4\">\n<li>\n<h4>Voc\u00ea prefere trabalhar suas obras com ou sem t\u00edtulo e por qual raz\u00e3o?<\/h4>\n<\/li>\n<\/ol>\n<p>O t\u00edtulo para mim n\u00e3o tem a menor import\u00e2ncia, visto que minha arte \u00e9 para o p\u00fablico, este \u00e9 que v\u00ea, que sente, o nome quem quiser, que d\u00ea.<\/p>\n<ol start=\"5\">\n<li>\n<h4>Como voc\u00ea v\u00ea a evolu\u00e7\u00e3o da arte contempor\u00e2nea nos \u00faltimos dez anos?<\/h4>\n<\/li>\n<\/ol>\n<p>Sinto cada vez mais que a arte contempor\u00e2nea \u00e9 como um laborat\u00f3rio de sentimentos.<\/p>\n<p>A arte atual tem um papel de express\u00e3o e sentimento, sem a reprodu\u00e7\u00e3o de figuras. A arte deixou de retratar, para tratar. Lidar com temas de interesses atuais, tocando na rela\u00e7\u00e3o do ser humano com a mat\u00e9ria. Estamos vivendo um laboratorio de express\u00f5es onde os artistas se dedicam a decodificar a rela\u00e7\u00e3o do pensamento com a express\u00e3o.<\/p>\n<ol start=\"6\">\n<li>\n<h4>A maior parte de seu trabalho trata se de arte figurativa. O que levou voc\u00ea a optar e manter a arte figurativa em sua carreira?<\/h4>\n<\/li>\n<\/ol>\n<p>Gosto de focar meu trabalho no ser humano, em especial na mulher, por serem figuras reais de sentimento, de beleza e as considero a maior cria\u00e7\u00e3o do mundo. Por\u00e9m sinto que tenho um toque forte de simbolismo no meu trabalho e atraves dele chegamos certamente ao n\u00e3o figurativo e at\u00e9 mesmo \u00e0s vezes \u00e0 abstra\u00e7\u00e3o.<\/p>\n<ol start=\"7\">\n<li>\n<h4>Quais s\u00e3o os desafios da pintura, no universo da arte contempor\u00e2nea?<\/h4>\n<\/li>\n<\/ol>\n<p>\u00c9 estar sempre voltada para o futuro.<\/p>\n<ol start=\"8\">\n<li>\n<h4>O que \u00e9 essencial no desenvolvimento de carreira de um artista?<\/h4>\n<\/li>\n<\/ol>\n<p>Persist\u00eancia e muito amor ao seu trabalho. O desenvolvimento da carreira de um artista demanda muita dedica\u00e7\u00e3o, a vontade de ver o trabalho ser reconhecido e premiado por aquilo que voc\u00ea doou atrav\u00e9s do tempo.<\/p>\n<ol start=\"9\">\n<li>\n<h4>Em sua opini\u00e3o, por onde passa o processo de reconhecimento da arte brasileira internacionalmente?<\/h4>\n<\/li>\n<\/ol>\n<p>N\u00e3o tenho a certeza, mas estamos longe de ser reconhecidos internacionalmente.<\/p>\n<p>A imagem do pa\u00eds n\u00e3o \u00e9 bem trabalhada. Os r\u00f3tulos s\u00e3o complexos e inferiorizantes para a arte, portanto acho que o trabalho deve ser desenvolvido de forma incessantemente desbravadora. A arte no Brasil tem de ser constante e persistente.<\/p>\n<ol start=\"10\">\n<li>\n<h4>O que fez voc\u00ea escolher a cidade de Paris como cidade-chave de seu desenvolvimento de carreira internacional?<\/h4>\n<\/li>\n<\/ol>\n<p>N\u00e3o escolhi, fui escolhida. Acredito no ditado &#8220;quem espera sempre alcan\u00e7a&#8221;. Acredito no trabalho constante e atrav\u00e9s dele as evid\u00eancias desse reconhecimento. Posso at\u00e9 dizer que acreditar no seu pr\u00f3prio trabalho ajuda ao artista a manter sua trajet\u00f3ria viva.<\/p>\n<ol start=\"11\">\n<li>\n<h4>O que apresentar\u00e1 em sua exposi\u00e7\u00e3o em Paris no Centro Cultural Claustro Billettes em outubro de 2015?<\/h4>\n<\/li>\n<\/ol>\n<p>Apresentarei esculturas, mulheres que retirei de minhas cria\u00e7\u00f5es e pinturas, transformando-as em tridimensionais. Eu senti que deveria dar vida aos meus desenhos, minhas pinturas e com isso ganhar uma representa\u00e7\u00e3o ainda maior daquilo que eu proponho. Sentia que na tela, alguns personagens demandavam uma representa\u00e7\u00e3o mais forte de suas identidades. Foi num trabalho de pesquisa desenvolvido juntamente com meu curador, Ricardo Fernandes, que percebi que alguns desses personagens que me falavam mais forte, pediam me para traze-los para mais perto ainda da nossa linguagem visual. Da\u00ed surgiu o projeto das esculturas, o qual est\u00e1 me fascinando.<\/p>\n<ol start=\"12\">\n<li>\n<h4>Quais s\u00e3o as expectativas de desenvolvimento de sua carreira art\u00edstica nos pr\u00f3ximos anos?<\/h4>\n<\/li>\n<\/ol>\n<p>Quando se consegue uma entrada em Paris atrav\u00e9s de uma exposi\u00e7\u00e3o t\u00e3o significativa, acredito que s\u00f3 tenho uma coisa a esperar: que esta porta se abra para o mundo. Portanto, creio que tais projetos abrir\u00e3o portas para o reconhecimento de meu trabalho como artista brasileira no exterior, confirmando minha persist\u00eancia e carreira internacional, ajudando tamb\u00e9m no reconhecimento da arte brasileira, da qual fa\u00e7o parte e acredito.<\/p>\n<ol start=\"13\">\n<li>\n<h4>Qual o conselho voc\u00ea d\u00e1 a quem est\u00e1 come\u00e7ando no universo das artes?<\/h4>\n<\/li>\n<\/ol>\n<p>Deixar fluir seu mundo interior, sua paci\u00eancia, sua dedica\u00e7\u00e3o e seu amor, buscando desenvolvimento e especializacao naquilo que faz.<\/p>","protected":false},"excerpt":{"rendered":"<p>Em uma breve apresenta\u00e7\u00e3o, fale me a respeito de sua carreira e o que levou voc\u00ea \u00e0 decis\u00e3o de trabalhar como artista pl\u00e1stica? Desde menina eu gostava de desenhar, pintar porcelanas e fui sempre interessada em fazer coisas art\u00edsticas. Com o passar do tempo me interessei tamb\u00e9m pela literatura e entreguei me completamente aos estudos [&hellip;]<\/p>\n","protected":false},"author":1,"featured_media":0,"parent":0,"menu_order":0,"comment_status":"open","ping_status":"open","template":"","meta":{"footnotes":""},"_links":{"self":[{"href":"https:\/\/www.lilianbomeny.com.br\/pb\/wp-json\/wp\/v2\/pages\/100"}],"collection":[{"href":"https:\/\/www.lilianbomeny.com.br\/pb\/wp-json\/wp\/v2\/pages"}],"about":[{"href":"https:\/\/www.lilianbomeny.com.br\/pb\/wp-json\/wp\/v2\/types\/page"}],"author":[{"embeddable":true,"href":"https:\/\/www.lilianbomeny.com.br\/pb\/wp-json\/wp\/v2\/users\/1"}],"replies":[{"embeddable":true,"href":"https:\/\/www.lilianbomeny.com.br\/pb\/wp-json\/wp\/v2\/comments?post=100"}],"version-history":[{"count":13,"href":"https:\/\/www.lilianbomeny.com.br\/pb\/wp-json\/wp\/v2\/pages\/100\/revisions"}],"predecessor-version":[{"id":121,"href":"https:\/\/www.lilianbomeny.com.br\/pb\/wp-json\/wp\/v2\/pages\/100\/revisions\/121"}],"wp:attachment":[{"href":"https:\/\/www.lilianbomeny.com.br\/pb\/wp-json\/wp\/v2\/media?parent=100"}],"curies":[{"name":"wp","href":"https:\/\/api.w.org\/{rel}","templated":true}]}}