{"id":18,"date":"2015-05-15T14:03:54","date_gmt":"2015-05-15T14:03:54","guid":{"rendered":"http:\/\/www.lilianbomeny.com.br\/?page_id=18"},"modified":"2024-03-22T21:33:24","modified_gmt":"2024-03-22T21:33:24","slug":"artist","status":"publish","type":"page","link":"https:\/\/www.lilianbomeny.com.br\/pb\/artist-2\/artist\/","title":{"rendered":"Bio"},"content":{"rendered":"<p><a href=\"http:\/\/www.lilianbomeny.com.br\/wp-content\/uploads\/2015\/05\/foto-profile.jpg\"><img loading=\"lazy\" decoding=\"async\" class=\" size-medium wp-image-56 alignleft\" src=\"http:\/\/www.lilianbomeny.com.br\/wp-content\/uploads\/2015\/05\/foto-profile-164x300.jpg\" alt=\"\" width=\"164\" height=\"300\" srcset=\"https:\/\/www.lilianbomeny.com.br\/wp-content\/uploads\/2015\/05\/foto-profile-164x300.jpg 164w, https:\/\/www.lilianbomeny.com.br\/wp-content\/uploads\/2015\/05\/foto-profile.jpg 310w\" sizes=\"(max-width: 164px) 100vw, 164px\" \/><\/a><\/p>\n<p>Artista auto didata e multi disciplinar, Lilian de Mello Bomeny, tem o universo feminino como sua maior inspira\u00e7\u00e3o.<\/p>\n<p>Iniciando sua carreira em 1989 data de suas primeiras pesquisas em artes pl\u00e1sticas, sempre sentiu-se ligada \u00e0 est\u00e9tica e ao universo visual, dedicando-se finalmente \u00e0s Artes, onde desenvolve pesquisa de materiais, trabalha com variada paleta de cores e busca completa sinergia est\u00e9tica em seu trabalho.<\/p>\n<p>A artista avan\u00e7a de forma singular em cada um de seus projetos e tem como um de seus principais objetivos a consolida\u00e7\u00e3o de sua arte, inclu\u00edndo se o reconhecimento de seu trabalho como express\u00e3o singular.<\/p>\n<p>Lilian de Mello Bomeny possui trabalhos em importantes cole\u00e7\u00f5es institucionais e particulares, que confirmam sua s\u00f3lida carreira e sua paix\u00e3o pela express\u00e3o art\u00edstica do nosso tempo.<\/p>\n<h6>Ricardo Chaves Fernandes<\/h6>\n<hr \/>\n<h2><span style=\"color: #ff0000;\"><a style=\"color: #ff0000;\" href=\"http:\/\/www.lilianbomeny.com.br\/interview-w-ricardo-fernandes\/\">Leia entrevista com Artista<\/a><\/span><\/h2>\n<hr \/>\n<h2 style=\"text-align: left;\">\u00a0<strong>Principais Exposi\u00e7\u00f5es Individuais e Coletivas<\/strong><\/h2>\n<p>2024 Fragmentos da Natureza, Espa\u00e7o de Arte Naikan<\/p>\n<p>2019 Exposi\u00e7\u00e3o &#8220;Fluidos e Esculpidos&#8221;, Slaviero Guedes<\/p>\n<p>2016 Expans\u00e3o (Expansion), Paintings, A Hebraica Art Gallery, S\u00e3o Paulo, Brazil<\/p>\n<p>2015 Semblantes da Natureza, Centro Cultural Cloitre Des Billette, Fran\u00e7a<\/p>\n<p>2014 Artefacto Miami Collective Show, Miami, USA<\/p>\n<p>2013 Art Video, Cultural Centre, Milan, Italy<\/p>\n<p>2012 Non Violence, S\u00e3o Paulo City Hall, Brazil<\/p>\n<p>2012 Non Violence \u2013 Armas da Paz, Espa\u00e7o Singular, S\u00e3o Paulo, Brazil<\/p>\n<p>2011 Exposi\u00e7\u00e3o &#8220;Art Bresilien&#8221;, Saint Thibault de Vignes, Fran\u00e7a<\/p>\n<p>2011 Lingan Yoni, Casa das Rosas, S\u00e3o Paulo, Brazil<\/p>\n<p>2011 Calligraphies de L\u2019Art Br\u00e9silien, Paris, France<\/p>\n<p>2011 Marc Brinon Cultural Centre, Barcelona, Spain<\/p>\n<p>2010 Galeria Slaviero Guedes, S\u00e3o Paulo, Brasil<\/p>\n<p>2010 Mostra Casa Talento \u2013 Casa Cor, J\u00f3quei Clube de S\u00e3o Paulo, Brasil<\/p>\n<p>2010 Espa\u00e7o D&amp;D \u2013 Casa Cor, J\u00f3quei Clube de S\u00e3o Paulo, Brasil<\/p>\n<p>2010 41\u00ba Chapel Art Show, S\u00e3o Paulo, Brasil<\/p>\n<p>2009 International Collective Exhibition, Ava Gallery, Finland<\/p>\n<p>2009 Galeria Casa Cor \u2013 J\u00f3quei Clube de S\u00e3o Paulo, Brasil<\/p>\n<p>2009 Instala\u00e7\u00e3o Manequins \u2013 D&amp;D, S\u00e3o Paulo, Brasil<\/p>\n<p>2009 Feira de Arte Hebraica \u2013 Clube Hebraica, S\u00e3o Paulo, Brasil<\/p>\n<p>2009 Universo Feminino &#8211; Noite de Aut\u00f3grafos, Livraria da Vila, S\u00e3o Paulo, Brasil<\/p>\n<p>2009 Expo Art, Vila Daslu, S\u00e3o Paulo, Brasil<\/p>\n<p>2009 Olhares, Conjunto Nacional, S\u00e3o Paulo, Brasil<\/p>\n<p>2009 Exposi\u00e7\u00e3o Nacional de Artes Pl\u00e1sticas, Forte de Copacabana, Rio de Janeiro, Brasil<\/p>\n<p>2009 40\u00ba Chapel Art Show, American School, S\u00e3o Paulo, Brasil<\/p>\n<p>2009 Lugar, Galeria Slaviero &amp; Guedes, S\u00e3o Paulo, Brasil<\/p>\n<p>2009 Impuro Belo, Museu de Belas Artes de S\u00e3o Paulo MUBA, Brasil<\/p>\n<p>2009 Salon National de Beaux-Arts, Carrousel du Louvre, Paris, Fran\u00e7a<\/p>\n<p>2008 NUS Galeria Slaviero&amp;Guedes, S\u00e3o Paulo, Brasil<\/p>\n<p>2008 Parintins \u2013 Duas Faces da Mesma Moeda, Noite de Aut\u00f3grafos, S\u00e3o Paulo, Brasil<\/p>\n<p>2007 Casa Cor \u2013 Galeria Slaviero &amp; Guedes, S\u00e3o Paulo, Brasil<\/p>\n<p>2007 Floresta Negra, Espa\u00e7o Silvana Mattar, S\u00e3o Paulo, Brasil<\/p>\n<p>2006 Mulheres, Galeria Walentowski, Berlin, Alemanha<\/p>\n<p>2005 Terceira Mostra Darcy Penteado de Arte WTC SA, S\u00e3o Paulo, Brasil<\/p>\n<p>2005 Dia da Paz, WTC S\u00e3o Paulo, Brasil<\/p>\n<p>2004 Dia da Paz, WTC S\u00e3o Paulo, Brasil<\/p>\n<p>2003 S\u00e3o Paulo Nossa Cidade, Museu de Arte de S\u00e3o Paulo, MASP, S\u00e3o Paulo, Brasil<\/p>\n<p>2002 Brasil-\u00cdndia, Brasil-Africa do Sul e Brasil-China, WTC, Brasil<\/p>\n<p>2001 Nos Jardins da Catedral, Noite de Autografos, S\u00e3o Paulo, Brasil<\/p>\n<p>2000 Brasil 500 Anos de Arte, Shopping D&amp;D, S\u00e3o Paulo, Brasil<\/p>\n<p>2000 Brasil 500 Anos de Arte, Pal\u00e1cio Marques de Pombal, Lisboa, Portugal<\/p>\n<p>1999 Brasil 500 Anos de Arte, S\u00e3o Paulo, Brasil<\/p>\n<p>1998 Mulher, Galeria Canto das Artes, S\u00e3o Paulo, Brasil<\/p>\n<p>1998 Homenagem \u00e0 Vera Cruz Cinematogr\u00e1fica, MUBE, S\u00e3o Paulo, Brasil<\/p>\n<p>1997 Feira de Interiores &#8211; MOAD, Campos do Jord\u00e3o, Brasil<\/p>\n<p>1997 Flores, Galeria J\u00f4 Slaviero, S\u00e3o Paulo, Brasil<\/p>\n<p>1996 Caminho do Sol, S\u00e3o Paulo, Brasil<\/p>\n<p>1996 Lan\u00e7amento do livro e exposi\u00e7\u00e3o \u201cCaminho do Sol\u201d, S\u00e3o Paulo, Brasil<\/p>\n<p>1996 Obra para o restaurante Vecchia Cuccina, S\u00e3o Paulo, Brasil<\/p>\n<p>1996 Coletiva \u201cTra\u00e7os e Formas\u201d Galeria J\u00f4 Slaviero, S\u00e3o Paulo, Brasil<\/p>\n<p>1996 Tra\u00e7os e Formas, Galeria J\u00f4 Slaviero, S\u00e3o Paulo, Brasil<\/p>\n<p>1995 Obras para Hotel Gran Melia S\u00e3o Paulo, Brasil<\/p>\n<p>1994 Nus, Miami, EUA<\/p>\n<p>1994 Vinho, Santo Colomba, S\u00e3o Paulo, Brasil<\/p>\n<p>1994 Espa\u00e7o Feira de Hotelaria, S\u00e3o Paulo, Brasil<\/p>\n<p>1994 \u00c1rvores de Natal, Espa\u00e7o de Arte Santa F\u00e9, S\u00e3o Paulo, Brasil<\/p>\n<p>1992 Teto de Orat\u00f3rio \u2013 Espa\u00e7o Silvana Mattar, Casa Cor, S\u00e3o Paulo, Brasil<\/p>\n<p>1991 Espa\u00e7o de Arte Santa F\u00e9, S\u00e3o Paulo, Brasil<\/p>\n<p>1990 Espa\u00e7o de Arte Santa F\u00e9, S\u00e3o Paulo, Brasil<\/p>\n<h2><strong>Livros de Autoria da Artista<\/strong><\/h2>\n<p>2000 Nos Jardins da Catedral, Editora Cassandra Rios, S\u00e3o Paulo, Brasil<\/p>\n<p>1966 Caminhos do Sol, Editora Cassandra Rios, S\u00e3o Paulo, Brasil<\/p>\n<h2><strong>Livros Ilustrados pela Artista<\/strong><\/h2>\n<p>2005 Parintins<\/p>\n<p>2000 Nos Jardins da Catedral<\/p>\n<p>1996 Caminhos do Sol<\/p>\n<p><strong>\u00a0<\/strong><\/p>\n<h2><strong>Principais Museus, Galerias e Institui\u00e7\u00f5es que\u00a0<\/strong><strong>Possuem Obras da Artista<\/strong><\/h2>\n<p>Associa\u00e7\u00e3o dos Amigos dos Autistas, AMA, S\u00e3o Paulo, Brasil<\/p>\n<p>Centre Georges Pompidou, Biblioth\u00e8que Kandinsky, Paris, Fran\u00e7a<\/p>\n<p>Galerie Ricardo Fernandes, Paris, Fran\u00e7a<\/p>\n<p>Galeria Walentowski, Berlin, Alemanha<\/p>\n<p>Pal\u00e1cio Marques de Pombal, Lisboa, Portugal<\/p>\n<p>World Trade Center, Santos, Brasil<\/p>\n<p>World Trade Center, S\u00e3o Paulo, Brasil<\/p>\n<h2><strong>Principais Cole\u00e7\u00f5es que\u00a0<\/strong><strong>Possuem Obras da Artista<\/strong><\/h2>\n<p>Alexandre Barreto &#8211; Esp\u00edrito Santo, Brasil<\/p>\n<p>Amaury Jr., S\u00e3o Paulo, Brasil<\/p>\n<p>American Express, S\u00e3o Paulo, Brasil<\/p>\n<p>Cer\u00e2mica Smith, S\u00e3o Paulo, Brasil<\/p>\n<p>Construtora Yasbeck, S\u00e3o Paulo, Brasil<\/p>\n<p>Henrique Meireles, S\u00e3o Paulo, Brasil<\/p>\n<p>Hiroki Nakahashi, S\u00e3o Paulo, Brasil<\/p>\n<p>Hotel Hilton Paissand\u00fa, Paissand\u00fa, Brasil<\/p>\n<p>Hotel Kampinski, Dresden, Alemanha<\/p>\n<p>Hotel Sheraton, S\u00e3o Paulo, Brasil<\/p>\n<p>Jo\u00e3o Nagy, Rio de Janeiro, Brasil<\/p>\n<p>Luciane Sabbag Barattino, S\u00e3o Paulo, Brasil<\/p>\n<p>Ludmila Barreto, Rio de Janeiro, Brasil<\/p>\n<p>Marcos Sirgio Rama, S\u00e3o Paulo, Brasil<\/p>\n<p>Melia Comfort, S\u00e3o Paulo, Brasil<\/p>\n<p>Melia Hotel, S\u00e3o Paulo, Brasil<\/p>\n<p>Miguel Mofarrej, \u00a0S\u00e3o Paulo, Brasil<\/p>\n<p>Monica Barreto, Par\u00e1, Brasil<\/p>\n<p>Restaurante Vecchia Cuccina, Campos do Jord\u00e3o, Brasil<\/p>\n<p>Royal Ibirapuera Park, S\u00e3o Paulo, Brasil<\/p>\n<p>Santo Colomba Restaurante, S\u00e3o Paulo, Brasil<\/p>\n<p>Scarret, Palma de Maillorca, Espanha<\/p>\n<p>S\u00e9rgio Tadisco, Miami, EUA<\/p>\n<p>Walter Feldman, S\u00e3o Paulo, Brasil<\/p>","protected":false},"excerpt":{"rendered":"<p>Artista auto didata e multi disciplinar, Lilian de Mello Bomeny, tem o universo feminino como sua maior inspira\u00e7\u00e3o. Iniciando sua carreira em 1989 data de suas primeiras pesquisas em artes pl\u00e1sticas, sempre sentiu-se ligada \u00e0 est\u00e9tica e ao universo visual, dedicando-se finalmente \u00e0s Artes, onde desenvolve pesquisa de materiais, trabalha com variada paleta de cores [&hellip;]<\/p>\n","protected":false},"author":1,"featured_media":0,"parent":61,"menu_order":0,"comment_status":"open","ping_status":"open","template":"","meta":{"footnotes":""},"_links":{"self":[{"href":"https:\/\/www.lilianbomeny.com.br\/pb\/wp-json\/wp\/v2\/pages\/18"}],"collection":[{"href":"https:\/\/www.lilianbomeny.com.br\/pb\/wp-json\/wp\/v2\/pages"}],"about":[{"href":"https:\/\/www.lilianbomeny.com.br\/pb\/wp-json\/wp\/v2\/types\/page"}],"author":[{"embeddable":true,"href":"https:\/\/www.lilianbomeny.com.br\/pb\/wp-json\/wp\/v2\/users\/1"}],"replies":[{"embeddable":true,"href":"https:\/\/www.lilianbomeny.com.br\/pb\/wp-json\/wp\/v2\/comments?post=18"}],"version-history":[{"count":49,"href":"https:\/\/www.lilianbomeny.com.br\/pb\/wp-json\/wp\/v2\/pages\/18\/revisions"}],"predecessor-version":[{"id":474,"href":"https:\/\/www.lilianbomeny.com.br\/pb\/wp-json\/wp\/v2\/pages\/18\/revisions\/474"}],"up":[{"embeddable":true,"href":"https:\/\/www.lilianbomeny.com.br\/pb\/wp-json\/wp\/v2\/pages\/61"}],"wp:attachment":[{"href":"https:\/\/www.lilianbomeny.com.br\/pb\/wp-json\/wp\/v2\/media?parent=18"}],"curies":[{"name":"wp","href":"https:\/\/api.w.org\/{rel}","templated":true}]}}